{"id":36,"date":"2025-12-12T10:32:26","date_gmt":"2025-12-12T10:32:26","guid":{"rendered":"https:\/\/firesym.com\/?page_id=36"},"modified":"2025-12-22T10:08:49","modified_gmt":"2025-12-22T10:08:49","slug":"rolunk","status":"publish","type":"page","link":"https:\/\/firesym.com\/index.php\/rolunk\/","title":{"rendered":"R\u00f3lunk"},"content":{"rendered":"\n<p>\u00dcdv\u00f6z\u00f6lj\u00fck a FIRE-SYM Kft. honlapj\u00e1n.<\/p>\n\n\n\n<p>C\u00e9g\u00fcnk az \u00e1ltal\u00e1nos t\u0171zv\u00e9delmi szolg\u00e1ltat\u00e1sok mellett, eleget t\u00e9ve a XXI. sz\u00e1zad kih\u00edv\u00e1sainak kiemelt figyelmet ford\u00edt a digit\u00e1lis t\u0171zv\u00e9delmi megold\u00e1sok alkalmaz\u00e1s\u00e1ra. Sz\u00e9lesk\u00f6r\u0171 tapasztalatokkal rendelkez\u00fcnk a t\u0171zv\u00e9delmi szimul\u00e1ci\u00f3k ter\u00fclet\u00e9n. Informatikai h\u00e1tter\u00fcnk lehet\u0151v\u00e9 teszi, hogy t\u0171zterjed\u00e9s, h\u0151-\u00e9s f\u00fcstelvezet\u00e9s, valamint ki\u00fcr\u00edt\u00e9s szimul\u00e1ci\u00f3kat tudjunk futtatni, az eredm\u00e9nyeket szak\u00e9rt\u0151 koll\u00e9g\u00e1ink valid\u00e1lj\u00e1k. Rendelkez\u00fcnk az FDS \u00e9s PATHFINDER programok leg\u00fajabb verzi\u00f3ival. A t\u0171zv\u00e9delmi szimul\u00e1ci\u00f3k a t\u0171zv\u00e9delmi tervez\u0151i munk\u00e1t t\u00e1mogatj\u00e1k \u00e9s alkalmaz\u00e1suk megk\u00f6nny\u00edti az optim\u00e1lis t\u0171zv\u00e9delmi megold\u00e1s kiv\u00e1laszt\u00e1s\u00e1t, ami k\u00f6lts\u00e9gmegtakar\u00edt\u00e1st jelent.<\/p>\n\n\n\n<p>K\u00f6sz\u00f6nj\u00fck, hogy megl\u00e1togatta weboldalunkat!.<\/p>\n","protected":false},"excerpt":{"rendered":"<p>\u00dcdv\u00f6z\u00f6lj\u00fck a FIRE-SYM Kft. honlapj\u00e1n. C\u00e9g\u00fcnk az \u00e1ltal\u00e1nos t\u0171zv\u00e9delmi szolg\u00e1ltat\u00e1sok mellett, eleget t\u00e9ve a XXI. sz\u00e1zad kih\u00edv\u00e1sainak kiemelt figyelmet ford\u00edt a digit\u00e1lis t\u0171zv\u00e9delmi megold\u00e1sok alkalmaz\u00e1s\u00e1ra. Sz\u00e9lesk\u00f6r\u0171 tapasztalatokkal rendelkez\u00fcnk a t\u0171zv\u00e9delmi szimul\u00e1ci\u00f3k ter\u00fclet\u00e9n. Informatikai h\u00e1tter\u00fcnk lehet\u0151v\u00e9 teszi, hogy t\u0171zterjed\u00e9s, h\u0151-\u00e9s f\u00fcstelvezet\u00e9s, valamint ki\u00fcr\u00edt\u00e9s szimul\u00e1ci\u00f3kat tudjunk futtatni, az eredm\u00e9nyeket szak\u00e9rt\u0151 koll\u00e9g\u00e1ink valid\u00e1lj\u00e1k. Rendelkez\u00fcnk az FDS \u00e9s PATHFINDER [&hellip;]<\/p>\n","protected":false},"author":1,"featured_media":0,"parent":0,"menu_order":0,"comment_status":"closed","ping_status":"closed","template":"","meta":{"footnotes":""},"class_list":["post-36","page","type-page","status-publish","hentry"],"yoast_head":"<!-- This site is optimized with the Yoast SEO plugin v26.5 - https:\/\/yoast.com\/wordpress\/plugins\/seo\/ -->\n<title>R\u00f3lunk - FireSym.Kft<\/title>\n<meta name=\"robots\" content=\"index, follow, max-snippet:-1, max-image-preview:large, max-video-preview:-1\" \/>\n<link rel=\"canonical\" href=\"https:\/\/firesym.com\/index.php\/rolunk\/\" \/>\n<meta property=\"og:locale\" content=\"hu_HU\" \/>\n<meta property=\"og:type\" content=\"article\" \/>\n<meta property=\"og:title\" content=\"R\u00f3lunk - FireSym.Kft\" \/>\n<meta property=\"og:description\" content=\"\u00dcdv\u00f6z\u00f6lj\u00fck a FIRE-SYM Kft. honlapj\u00e1n. C\u00e9g\u00fcnk az \u00e1ltal\u00e1nos t\u0171zv\u00e9delmi szolg\u00e1ltat\u00e1sok mellett, eleget t\u00e9ve a XXI. sz\u00e1zad kih\u00edv\u00e1sainak kiemelt figyelmet ford\u00edt a digit\u00e1lis t\u0171zv\u00e9delmi megold\u00e1sok alkalmaz\u00e1s\u00e1ra. Sz\u00e9lesk\u00f6r\u0171 tapasztalatokkal rendelkez\u00fcnk a t\u0171zv\u00e9delmi szimul\u00e1ci\u00f3k ter\u00fclet\u00e9n. Informatikai h\u00e1tter\u00fcnk lehet\u0151v\u00e9 teszi, hogy t\u0171zterjed\u00e9s, h\u0151-\u00e9s f\u00fcstelvezet\u00e9s, valamint ki\u00fcr\u00edt\u00e9s szimul\u00e1ci\u00f3kat tudjunk futtatni, az eredm\u00e9nyeket szak\u00e9rt\u0151 koll\u00e9g\u00e1ink valid\u00e1lj\u00e1k. Rendelkez\u00fcnk az FDS \u00e9s PATHFINDER [&hellip;]\" \/>\n<meta property=\"og:url\" content=\"https:\/\/firesym.com\/index.php\/rolunk\/\" \/>\n<meta property=\"og:site_name\" content=\"FireSym.Kft\" \/>\n<meta property=\"article:modified_time\" content=\"2025-12-22T10:08:49+00:00\" \/>\n<meta name=\"twitter:card\" content=\"summary_large_image\" \/>\n<meta name=\"twitter:label1\" content=\"Becs\u00fclt olvas\u00e1si id\u0151\" \/>\n\t<meta name=\"twitter:data1\" content=\"1 perc\" \/>\n<script type=\"application\/ld+json\" class=\"yoast-schema-graph\">{\"@context\":\"https:\/\/schema.org\",\"@graph\":[{\"@type\":\"WebPage\",\"@id\":\"https:\/\/firesym.com\/index.php\/rolunk\/\",\"url\":\"https:\/\/firesym.com\/index.php\/rolunk\/\",\"name\":\"R\u00f3lunk - FireSym.Kft\",\"isPartOf\":{\"@id\":\"https:\/\/firesym.com\/#website\"},\"datePublished\":\"2025-12-12T10:32:26+00:00\",\"dateModified\":\"2025-12-22T10:08:49+00:00\",\"breadcrumb\":{\"@id\":\"https:\/\/firesym.com\/index.php\/rolunk\/#breadcrumb\"},\"inLanguage\":\"hu\",\"potentialAction\":[{\"@type\":\"ReadAction\",\"target\":[\"https:\/\/firesym.com\/index.php\/rolunk\/\"]}]},{\"@type\":\"BreadcrumbList\",\"@id\":\"https:\/\/firesym.com\/index.php\/rolunk\/#breadcrumb\",\"itemListElement\":[{\"@type\":\"ListItem\",\"position\":1,\"name\":\"Kezd\u0151lap\",\"item\":\"https:\/\/firesym.com\/\"},{\"@type\":\"ListItem\",\"position\":2,\"name\":\"R\u00f3lunk\"}]},{\"@type\":\"WebSite\",\"@id\":\"https:\/\/firesym.com\/#website\",\"url\":\"https:\/\/firesym.com\/\",\"name\":\"FireSym.Kft\",\"description\":\"\",\"publisher\":{\"@id\":\"https:\/\/firesym.com\/#organization\"},\"potentialAction\":[{\"@type\":\"SearchAction\",\"target\":{\"@type\":\"EntryPoint\",\"urlTemplate\":\"https:\/\/firesym.com\/?s={search_term_string}\"},\"query-input\":{\"@type\":\"PropertyValueSpecification\",\"valueRequired\":true,\"valueName\":\"search_term_string\"}}],\"inLanguage\":\"hu\"},{\"@type\":\"Organization\",\"@id\":\"https:\/\/firesym.com\/#organization\",\"name\":\"FireSym.Kft\",\"url\":\"https:\/\/firesym.com\/\",\"logo\":{\"@type\":\"ImageObject\",\"inLanguage\":\"hu\",\"@id\":\"https:\/\/firesym.com\/#\/schema\/logo\/image\/\",\"url\":\"https:\/\/firesym.com\/wp-content\/uploads\/2025\/12\/Messenger_creation_09E75076-1E26-4BF8-9E3C-EED353629CD2-1.jpeg\",\"contentUrl\":\"https:\/\/firesym.com\/wp-content\/uploads\/2025\/12\/Messenger_creation_09E75076-1E26-4BF8-9E3C-EED353629CD2-1.jpeg\",\"width\":403,\"height\":325,\"caption\":\"FireSym.Kft\"},\"image\":{\"@id\":\"https:\/\/firesym.com\/#\/schema\/logo\/image\/\"}}]}<\/script>\n<!-- \/ Yoast SEO plugin. -->","yoast_head_json":{"title":"R\u00f3lunk - FireSym.Kft","robots":{"index":"index","follow":"follow","max-snippet":"max-snippet:-1","max-image-preview":"max-image-preview:large","max-video-preview":"max-video-preview:-1"},"canonical":"https:\/\/firesym.com\/index.php\/rolunk\/","og_locale":"hu_HU","og_type":"article","og_title":"R\u00f3lunk - FireSym.Kft","og_description":"\u00dcdv\u00f6z\u00f6lj\u00fck a FIRE-SYM Kft. honlapj\u00e1n. C\u00e9g\u00fcnk az \u00e1ltal\u00e1nos t\u0171zv\u00e9delmi szolg\u00e1ltat\u00e1sok mellett, eleget t\u00e9ve a XXI. sz\u00e1zad kih\u00edv\u00e1sainak kiemelt figyelmet ford\u00edt a digit\u00e1lis t\u0171zv\u00e9delmi megold\u00e1sok alkalmaz\u00e1s\u00e1ra. Sz\u00e9lesk\u00f6r\u0171 tapasztalatokkal rendelkez\u00fcnk a t\u0171zv\u00e9delmi szimul\u00e1ci\u00f3k ter\u00fclet\u00e9n. Informatikai h\u00e1tter\u00fcnk lehet\u0151v\u00e9 teszi, hogy t\u0171zterjed\u00e9s, h\u0151-\u00e9s f\u00fcstelvezet\u00e9s, valamint ki\u00fcr\u00edt\u00e9s szimul\u00e1ci\u00f3kat tudjunk futtatni, az eredm\u00e9nyeket szak\u00e9rt\u0151 koll\u00e9g\u00e1ink valid\u00e1lj\u00e1k. Rendelkez\u00fcnk az FDS \u00e9s PATHFINDER [&hellip;]","og_url":"https:\/\/firesym.com\/index.php\/rolunk\/","og_site_name":"FireSym.Kft","article_modified_time":"2025-12-22T10:08:49+00:00","twitter_card":"summary_large_image","twitter_misc":{"Becs\u00fclt olvas\u00e1si id\u0151":"1 perc"},"schema":{"@context":"https:\/\/schema.org","@graph":[{"@type":"WebPage","@id":"https:\/\/firesym.com\/index.php\/rolunk\/","url":"https:\/\/firesym.com\/index.php\/rolunk\/","name":"R\u00f3lunk - FireSym.Kft","isPartOf":{"@id":"https:\/\/firesym.com\/#website"},"datePublished":"2025-12-12T10:32:26+00:00","dateModified":"2025-12-22T10:08:49+00:00","breadcrumb":{"@id":"https:\/\/firesym.com\/index.php\/rolunk\/#breadcrumb"},"inLanguage":"hu","potentialAction":[{"@type":"ReadAction","target":["https:\/\/firesym.com\/index.php\/rolunk\/"]}]},{"@type":"BreadcrumbList","@id":"https:\/\/firesym.com\/index.php\/rolunk\/#breadcrumb","itemListElement":[{"@type":"ListItem","position":1,"name":"Kezd\u0151lap","item":"https:\/\/firesym.com\/"},{"@type":"ListItem","position":2,"name":"R\u00f3lunk"}]},{"@type":"WebSite","@id":"https:\/\/firesym.com\/#website","url":"https:\/\/firesym.com\/","name":"FireSym.Kft","description":"","publisher":{"@id":"https:\/\/firesym.com\/#organization"},"potentialAction":[{"@type":"SearchAction","target":{"@type":"EntryPoint","urlTemplate":"https:\/\/firesym.com\/?s={search_term_string}"},"query-input":{"@type":"PropertyValueSpecification","valueRequired":true,"valueName":"search_term_string"}}],"inLanguage":"hu"},{"@type":"Organization","@id":"https:\/\/firesym.com\/#organization","name":"FireSym.Kft","url":"https:\/\/firesym.com\/","logo":{"@type":"ImageObject","inLanguage":"hu","@id":"https:\/\/firesym.com\/#\/schema\/logo\/image\/","url":"https:\/\/firesym.com\/wp-content\/uploads\/2025\/12\/Messenger_creation_09E75076-1E26-4BF8-9E3C-EED353629CD2-1.jpeg","contentUrl":"https:\/\/firesym.com\/wp-content\/uploads\/2025\/12\/Messenger_creation_09E75076-1E26-4BF8-9E3C-EED353629CD2-1.jpeg","width":403,"height":325,"caption":"FireSym.Kft"},"image":{"@id":"https:\/\/firesym.com\/#\/schema\/logo\/image\/"}}]}},"_links":{"self":[{"href":"https:\/\/firesym.com\/index.php\/wp-json\/wp\/v2\/pages\/36","targetHints":{"allow":["GET"]}}],"collection":[{"href":"https:\/\/firesym.com\/index.php\/wp-json\/wp\/v2\/pages"}],"about":[{"href":"https:\/\/firesym.com\/index.php\/wp-json\/wp\/v2\/types\/page"}],"author":[{"embeddable":true,"href":"https:\/\/firesym.com\/index.php\/wp-json\/wp\/v2\/users\/1"}],"replies":[{"embeddable":true,"href":"https:\/\/firesym.com\/index.php\/wp-json\/wp\/v2\/comments?post=36"}],"version-history":[{"count":2,"href":"https:\/\/firesym.com\/index.php\/wp-json\/wp\/v2\/pages\/36\/revisions"}],"predecessor-version":[{"id":79,"href":"https:\/\/firesym.com\/index.php\/wp-json\/wp\/v2\/pages\/36\/revisions\/79"}],"wp:attachment":[{"href":"https:\/\/firesym.com\/index.php\/wp-json\/wp\/v2\/media?parent=36"}],"curies":[{"name":"wp","href":"https:\/\/api.w.org\/{rel}","templated":true}]}}