{"id":38,"date":"2025-12-12T10:32:26","date_gmt":"2025-12-12T10:32:26","guid":{"rendered":"https:\/\/firesym.com\/?page_id=38"},"modified":"2025-12-22T10:10:35","modified_gmt":"2025-12-22T10:10:35","slug":"blog","status":"publish","type":"page","link":"https:\/\/firesym.com\/index.php\/blog\/","title":{"rendered":"Szolg\u00e1ltat\u00e1sok"},"content":{"rendered":"\n<ul class=\"wp-block-list\">\n<li>T\u0171zv\u00e9delmi szimul\u00e1ci\u00f3k k\u00e9sz\u00edt\u00e9se<\/li>\n\n\n\n<li>Ki\u00fcr\u00edt\u00e9s sz\u00e1m\u00edt\u00e1sok<\/li>\n\n\n\n<li>Rendezv\u00e9nyek ki\u00fcr\u00edt\u00e9s\u00e9nek tervez\u00e9se<\/li>\n\n\n\n<li>T\u0171zv\u00e9delmi szab\u00e1lyzatok k\u00e9sz\u00edt\u00e9se<\/li>\n\n\n\n<li>T\u0171zriad\u00f3 tervek k\u00e9sz\u00edt\u00e9se<\/li>\n\n\n\n<li>T\u0171zv\u00e9delmi \u00fczemeltet\u0151i dokument\u00e1ci\u00f3k k\u00e9sz\u00edt\u00e9se<\/li>\n\n\n\n<li>T\u0171zv\u00e9delmi szak\u00e9rt\u0151i auditok v\u00e9gz\u00e9se<\/li>\n\n\n\n<li>T\u0171zv\u00e9delmi szaktan\u00e1csad\u00e1s<\/li>\n<\/ul>\n","protected":false},"excerpt":{"rendered":"","protected":false},"author":1,"featured_media":0,"parent":0,"menu_order":0,"comment_status":"closed","ping_status":"closed","template":"","meta":{"footnotes":""},"class_list":["post-38","page","type-page","status-publish","hentry"],"yoast_head":"<!-- This site is optimized with the Yoast SEO plugin v26.5 - https:\/\/yoast.com\/wordpress\/plugins\/seo\/ -->\n<title>Szolg\u00e1ltat\u00e1sok - FireSym.Kft<\/title>\n<meta name=\"robots\" content=\"index, follow, max-snippet:-1, max-image-preview:large, max-video-preview:-1\" \/>\n<link rel=\"canonical\" href=\"https:\/\/firesym.com\/index.php\/blog\/\" \/>\n<meta property=\"og:locale\" content=\"hu_HU\" \/>\n<meta property=\"og:type\" content=\"article\" \/>\n<meta property=\"og:title\" content=\"Szolg\u00e1ltat\u00e1sok - FireSym.Kft\" \/>\n<meta property=\"og:url\" content=\"https:\/\/firesym.com\/index.php\/blog\/\" \/>\n<meta property=\"og:site_name\" content=\"FireSym.Kft\" \/>\n<meta property=\"article:modified_time\" content=\"2025-12-22T10:10:35+00:00\" \/>\n<meta name=\"twitter:card\" content=\"summary_large_image\" \/>\n<meta name=\"twitter:label1\" content=\"Becs\u00fclt olvas\u00e1si id\u0151\" \/>\n\t<meta name=\"twitter:data1\" content=\"1 perc\" \/>\n<script type=\"application\/ld+json\" class=\"yoast-schema-graph\">{\"@context\":\"https:\/\/schema.org\",\"@graph\":[{\"@type\":\"WebPage\",\"@id\":\"https:\/\/firesym.com\/index.php\/blog\/\",\"url\":\"https:\/\/firesym.com\/index.php\/blog\/\",\"name\":\"Szolg\u00e1ltat\u00e1sok - FireSym.Kft\",\"isPartOf\":{\"@id\":\"https:\/\/firesym.com\/#website\"},\"datePublished\":\"2025-12-12T10:32:26+00:00\",\"dateModified\":\"2025-12-22T10:10:35+00:00\",\"breadcrumb\":{\"@id\":\"https:\/\/firesym.com\/index.php\/blog\/#breadcrumb\"},\"inLanguage\":\"hu\",\"potentialAction\":[{\"@type\":\"ReadAction\",\"target\":[\"https:\/\/firesym.com\/index.php\/blog\/\"]}]},{\"@type\":\"BreadcrumbList\",\"@id\":\"https:\/\/firesym.com\/index.php\/blog\/#breadcrumb\",\"itemListElement\":[{\"@type\":\"ListItem\",\"position\":1,\"name\":\"Kezd\u0151lap\",\"item\":\"https:\/\/firesym.com\/\"},{\"@type\":\"ListItem\",\"position\":2,\"name\":\"Szolg\u00e1ltat\u00e1sok\"}]},{\"@type\":\"WebSite\",\"@id\":\"https:\/\/firesym.com\/#website\",\"url\":\"https:\/\/firesym.com\/\",\"name\":\"FireSym.Kft\",\"description\":\"\",\"publisher\":{\"@id\":\"https:\/\/firesym.com\/#organization\"},\"potentialAction\":[{\"@type\":\"SearchAction\",\"target\":{\"@type\":\"EntryPoint\",\"urlTemplate\":\"https:\/\/firesym.com\/?s={search_term_string}\"},\"query-input\":{\"@type\":\"PropertyValueSpecification\",\"valueRequired\":true,\"valueName\":\"search_term_string\"}}],\"inLanguage\":\"hu\"},{\"@type\":\"Organization\",\"@id\":\"https:\/\/firesym.com\/#organization\",\"name\":\"FireSym.Kft\",\"url\":\"https:\/\/firesym.com\/\",\"logo\":{\"@type\":\"ImageObject\",\"inLanguage\":\"hu\",\"@id\":\"https:\/\/firesym.com\/#\/schema\/logo\/image\/\",\"url\":\"https:\/\/firesym.com\/wp-content\/uploads\/2025\/12\/Messenger_creation_09E75076-1E26-4BF8-9E3C-EED353629CD2-1.jpeg\",\"contentUrl\":\"https:\/\/firesym.com\/wp-content\/uploads\/2025\/12\/Messenger_creation_09E75076-1E26-4BF8-9E3C-EED353629CD2-1.jpeg\",\"width\":403,\"height\":325,\"caption\":\"FireSym.Kft\"},\"image\":{\"@id\":\"https:\/\/firesym.com\/#\/schema\/logo\/image\/\"}}]}<\/script>\n<!-- \/ Yoast SEO plugin. -->","yoast_head_json":{"title":"Szolg\u00e1ltat\u00e1sok - FireSym.Kft","robots":{"index":"index","follow":"follow","max-snippet":"max-snippet:-1","max-image-preview":"max-image-preview:large","max-video-preview":"max-video-preview:-1"},"canonical":"https:\/\/firesym.com\/index.php\/blog\/","og_locale":"hu_HU","og_type":"article","og_title":"Szolg\u00e1ltat\u00e1sok - FireSym.Kft","og_url":"https:\/\/firesym.com\/index.php\/blog\/","og_site_name":"FireSym.Kft","article_modified_time":"2025-12-22T10:10:35+00:00","twitter_card":"summary_large_image","twitter_misc":{"Becs\u00fclt olvas\u00e1si id\u0151":"1 perc"},"schema":{"@context":"https:\/\/schema.org","@graph":[{"@type":"WebPage","@id":"https:\/\/firesym.com\/index.php\/blog\/","url":"https:\/\/firesym.com\/index.php\/blog\/","name":"Szolg\u00e1ltat\u00e1sok - FireSym.Kft","isPartOf":{"@id":"https:\/\/firesym.com\/#website"},"datePublished":"2025-12-12T10:32:26+00:00","dateModified":"2025-12-22T10:10:35+00:00","breadcrumb":{"@id":"https:\/\/firesym.com\/index.php\/blog\/#breadcrumb"},"inLanguage":"hu","potentialAction":[{"@type":"ReadAction","target":["https:\/\/firesym.com\/index.php\/blog\/"]}]},{"@type":"BreadcrumbList","@id":"https:\/\/firesym.com\/index.php\/blog\/#breadcrumb","itemListElement":[{"@type":"ListItem","position":1,"name":"Kezd\u0151lap","item":"https:\/\/firesym.com\/"},{"@type":"ListItem","position":2,"name":"Szolg\u00e1ltat\u00e1sok"}]},{"@type":"WebSite","@id":"https:\/\/firesym.com\/#website","url":"https:\/\/firesym.com\/","name":"FireSym.Kft","description":"","publisher":{"@id":"https:\/\/firesym.com\/#organization"},"potentialAction":[{"@type":"SearchAction","target":{"@type":"EntryPoint","urlTemplate":"https:\/\/firesym.com\/?s={search_term_string}"},"query-input":{"@type":"PropertyValueSpecification","valueRequired":true,"valueName":"search_term_string"}}],"inLanguage":"hu"},{"@type":"Organization","@id":"https:\/\/firesym.com\/#organization","name":"FireSym.Kft","url":"https:\/\/firesym.com\/","logo":{"@type":"ImageObject","inLanguage":"hu","@id":"https:\/\/firesym.com\/#\/schema\/logo\/image\/","url":"https:\/\/firesym.com\/wp-content\/uploads\/2025\/12\/Messenger_creation_09E75076-1E26-4BF8-9E3C-EED353629CD2-1.jpeg","contentUrl":"https:\/\/firesym.com\/wp-content\/uploads\/2025\/12\/Messenger_creation_09E75076-1E26-4BF8-9E3C-EED353629CD2-1.jpeg","width":403,"height":325,"caption":"FireSym.Kft"},"image":{"@id":"https:\/\/firesym.com\/#\/schema\/logo\/image\/"}}]}},"_links":{"self":[{"href":"https:\/\/firesym.com\/index.php\/wp-json\/wp\/v2\/pages\/38","targetHints":{"allow":["GET"]}}],"collection":[{"href":"https:\/\/firesym.com\/index.php\/wp-json\/wp\/v2\/pages"}],"about":[{"href":"https:\/\/firesym.com\/index.php\/wp-json\/wp\/v2\/types\/page"}],"author":[{"embeddable":true,"href":"https:\/\/firesym.com\/index.php\/wp-json\/wp\/v2\/users\/1"}],"replies":[{"embeddable":true,"href":"https:\/\/firesym.com\/index.php\/wp-json\/wp\/v2\/comments?post=38"}],"version-history":[{"count":2,"href":"https:\/\/firesym.com\/index.php\/wp-json\/wp\/v2\/pages\/38\/revisions"}],"predecessor-version":[{"id":80,"href":"https:\/\/firesym.com\/index.php\/wp-json\/wp\/v2\/pages\/38\/revisions\/80"}],"wp:attachment":[{"href":"https:\/\/firesym.com\/index.php\/wp-json\/wp\/v2\/media?parent=38"}],"curies":[{"name":"wp","href":"https:\/\/api.w.org\/{rel}","templated":true}]}}