{"id":62,"date":"2025-12-12T10:51:54","date_gmt":"2025-12-12T10:51:54","guid":{"rendered":"https:\/\/firesym.com\/?page_id=62"},"modified":"2025-12-22T10:08:00","modified_gmt":"2025-12-22T10:08:00","slug":"firesym-kft","status":"publish","type":"page","link":"https:\/\/firesym.com\/","title":{"rendered":"FIRE-SYM Kft."},"content":{"rendered":"\n<div class=\"wp-block-media-text alignfull has-media-on-the-right is-stacked-on-mobile is-vertically-aligned-center is-style-default\" style=\"grid-template-columns:auto 35%\"><div class=\"wp-block-media-text__content\">\n<p class=\"has-text-color\" style=\"color:#636363;font-size:17px;line-height:1.1\"><\/p>\n<\/div><figure class=\"wp-block-media-text__media\"><img loading=\"lazy\" decoding=\"async\" width=\"892\" height=\"674\" src=\"https:\/\/firesym.com\/wp-content\/uploads\/2025\/12\/Szoba_tuz-1.jpg\" alt=\"\" class=\"wp-image-72 size-full\" srcset=\"https:\/\/firesym.com\/wp-content\/uploads\/2025\/12\/Szoba_tuz-1.jpg 892w, https:\/\/firesym.com\/wp-content\/uploads\/2025\/12\/Szoba_tuz-1-300x227.jpg 300w, https:\/\/firesym.com\/wp-content\/uploads\/2025\/12\/Szoba_tuz-1-768x580.jpg 768w\" sizes=\"auto, (max-width: 892px) 100vw, 892px\" \/><\/figure><\/div>\n\n\n\n<p>Az oldal fejleszt\u00e9s alatt<\/p>\n\n\n\n<p><\/p>\n","protected":false},"excerpt":{"rendered":"<p>Az oldal fejleszt\u00e9s alatt<\/p>\n","protected":false},"author":1,"featured_media":0,"parent":0,"menu_order":0,"comment_status":"closed","ping_status":"closed","template":"","meta":{"footnotes":""},"class_list":["post-62","page","type-page","status-publish","hentry"],"yoast_head":"<!-- This site is optimized with the Yoast SEO plugin v26.5 - https:\/\/yoast.com\/wordpress\/plugins\/seo\/ -->\n<title>FIRE-SYM Kft. - FireSym.Kft<\/title>\n<meta name=\"robots\" content=\"index, follow, max-snippet:-1, max-image-preview:large, max-video-preview:-1\" \/>\n<link rel=\"canonical\" href=\"https:\/\/firesym.com\/\" \/>\n<meta property=\"og:locale\" content=\"hu_HU\" \/>\n<meta property=\"og:type\" content=\"article\" \/>\n<meta property=\"og:title\" content=\"FIRE-SYM Kft. - FireSym.Kft\" \/>\n<meta property=\"og:description\" content=\"Az oldal fejleszt\u00e9s alatt\" \/>\n<meta property=\"og:url\" content=\"https:\/\/firesym.com\/\" \/>\n<meta property=\"og:site_name\" content=\"FireSym.Kft\" \/>\n<meta property=\"article:modified_time\" content=\"2025-12-22T10:08:00+00:00\" \/>\n<meta property=\"og:image\" content=\"https:\/\/firesym.com\/wp-content\/uploads\/2025\/12\/Szoba_tuz-1.jpg\" \/>\n\t<meta property=\"og:image:width\" content=\"892\" \/>\n\t<meta property=\"og:image:height\" content=\"674\" \/>\n\t<meta property=\"og:image:type\" content=\"image\/jpeg\" \/>\n<meta name=\"twitter:card\" content=\"summary_large_image\" \/>\n<meta name=\"twitter:label1\" content=\"Becs\u00fclt olvas\u00e1si id\u0151\" \/>\n\t<meta name=\"twitter:data1\" content=\"1 perc\" \/>\n<script type=\"application\/ld+json\" class=\"yoast-schema-graph\">{\"@context\":\"https:\/\/schema.org\",\"@graph\":[{\"@type\":\"WebPage\",\"@id\":\"https:\/\/firesym.com\/\",\"url\":\"https:\/\/firesym.com\/\",\"name\":\"FIRE-SYM Kft. - FireSym.Kft\",\"isPartOf\":{\"@id\":\"https:\/\/firesym.com\/#website\"},\"primaryImageOfPage\":{\"@id\":\"https:\/\/firesym.com\/#primaryimage\"},\"image\":{\"@id\":\"https:\/\/firesym.com\/#primaryimage\"},\"thumbnailUrl\":\"https:\/\/firesym.com\/wp-content\/uploads\/2025\/12\/Szoba_tuz-1.jpg\",\"datePublished\":\"2025-12-12T10:51:54+00:00\",\"dateModified\":\"2025-12-22T10:08:00+00:00\",\"breadcrumb\":{\"@id\":\"https:\/\/firesym.com\/#breadcrumb\"},\"inLanguage\":\"hu\",\"potentialAction\":[{\"@type\":\"ReadAction\",\"target\":[\"https:\/\/firesym.com\/\"]}]},{\"@type\":\"ImageObject\",\"inLanguage\":\"hu\",\"@id\":\"https:\/\/firesym.com\/#primaryimage\",\"url\":\"https:\/\/firesym.com\/wp-content\/uploads\/2025\/12\/Szoba_tuz-1.jpg\",\"contentUrl\":\"https:\/\/firesym.com\/wp-content\/uploads\/2025\/12\/Szoba_tuz-1.jpg\",\"width\":892,\"height\":674},{\"@type\":\"BreadcrumbList\",\"@id\":\"https:\/\/firesym.com\/#breadcrumb\",\"itemListElement\":[{\"@type\":\"ListItem\",\"position\":1,\"name\":\"Kezd\u0151lap\",\"item\":\"https:\/\/firesym.com\/\"},{\"@type\":\"ListItem\",\"position\":2,\"name\":\"FIRE-SYM Kft.\"}]},{\"@type\":\"WebSite\",\"@id\":\"https:\/\/firesym.com\/#website\",\"url\":\"https:\/\/firesym.com\/\",\"name\":\"FireSym.Kft\",\"description\":\"\",\"publisher\":{\"@id\":\"https:\/\/firesym.com\/#organization\"},\"potentialAction\":[{\"@type\":\"SearchAction\",\"target\":{\"@type\":\"EntryPoint\",\"urlTemplate\":\"https:\/\/firesym.com\/?s={search_term_string}\"},\"query-input\":{\"@type\":\"PropertyValueSpecification\",\"valueRequired\":true,\"valueName\":\"search_term_string\"}}],\"inLanguage\":\"hu\"},{\"@type\":\"Organization\",\"@id\":\"https:\/\/firesym.com\/#organization\",\"name\":\"FireSym.Kft\",\"url\":\"https:\/\/firesym.com\/\",\"logo\":{\"@type\":\"ImageObject\",\"inLanguage\":\"hu\",\"@id\":\"https:\/\/firesym.com\/#\/schema\/logo\/image\/\",\"url\":\"https:\/\/firesym.com\/wp-content\/uploads\/2025\/12\/Messenger_creation_09E75076-1E26-4BF8-9E3C-EED353629CD2-1.jpeg\",\"contentUrl\":\"https:\/\/firesym.com\/wp-content\/uploads\/2025\/12\/Messenger_creation_09E75076-1E26-4BF8-9E3C-EED353629CD2-1.jpeg\",\"width\":403,\"height\":325,\"caption\":\"FireSym.Kft\"},\"image\":{\"@id\":\"https:\/\/firesym.com\/#\/schema\/logo\/image\/\"}}]}<\/script>\n<!-- \/ Yoast SEO plugin. -->","yoast_head_json":{"title":"FIRE-SYM Kft. - FireSym.Kft","robots":{"index":"index","follow":"follow","max-snippet":"max-snippet:-1","max-image-preview":"max-image-preview:large","max-video-preview":"max-video-preview:-1"},"canonical":"https:\/\/firesym.com\/","og_locale":"hu_HU","og_type":"article","og_title":"FIRE-SYM Kft. - FireSym.Kft","og_description":"Az oldal fejleszt\u00e9s alatt","og_url":"https:\/\/firesym.com\/","og_site_name":"FireSym.Kft","article_modified_time":"2025-12-22T10:08:00+00:00","og_image":[{"width":892,"height":674,"url":"https:\/\/firesym.com\/wp-content\/uploads\/2025\/12\/Szoba_tuz-1.jpg","type":"image\/jpeg"}],"twitter_card":"summary_large_image","twitter_misc":{"Becs\u00fclt olvas\u00e1si id\u0151":"1 perc"},"schema":{"@context":"https:\/\/schema.org","@graph":[{"@type":"WebPage","@id":"https:\/\/firesym.com\/","url":"https:\/\/firesym.com\/","name":"FIRE-SYM Kft. - FireSym.Kft","isPartOf":{"@id":"https:\/\/firesym.com\/#website"},"primaryImageOfPage":{"@id":"https:\/\/firesym.com\/#primaryimage"},"image":{"@id":"https:\/\/firesym.com\/#primaryimage"},"thumbnailUrl":"https:\/\/firesym.com\/wp-content\/uploads\/2025\/12\/Szoba_tuz-1.jpg","datePublished":"2025-12-12T10:51:54+00:00","dateModified":"2025-12-22T10:08:00+00:00","breadcrumb":{"@id":"https:\/\/firesym.com\/#breadcrumb"},"inLanguage":"hu","potentialAction":[{"@type":"ReadAction","target":["https:\/\/firesym.com\/"]}]},{"@type":"ImageObject","inLanguage":"hu","@id":"https:\/\/firesym.com\/#primaryimage","url":"https:\/\/firesym.com\/wp-content\/uploads\/2025\/12\/Szoba_tuz-1.jpg","contentUrl":"https:\/\/firesym.com\/wp-content\/uploads\/2025\/12\/Szoba_tuz-1.jpg","width":892,"height":674},{"@type":"BreadcrumbList","@id":"https:\/\/firesym.com\/#breadcrumb","itemListElement":[{"@type":"ListItem","position":1,"name":"Kezd\u0151lap","item":"https:\/\/firesym.com\/"},{"@type":"ListItem","position":2,"name":"FIRE-SYM Kft."}]},{"@type":"WebSite","@id":"https:\/\/firesym.com\/#website","url":"https:\/\/firesym.com\/","name":"FireSym.Kft","description":"","publisher":{"@id":"https:\/\/firesym.com\/#organization"},"potentialAction":[{"@type":"SearchAction","target":{"@type":"EntryPoint","urlTemplate":"https:\/\/firesym.com\/?s={search_term_string}"},"query-input":{"@type":"PropertyValueSpecification","valueRequired":true,"valueName":"search_term_string"}}],"inLanguage":"hu"},{"@type":"Organization","@id":"https:\/\/firesym.com\/#organization","name":"FireSym.Kft","url":"https:\/\/firesym.com\/","logo":{"@type":"ImageObject","inLanguage":"hu","@id":"https:\/\/firesym.com\/#\/schema\/logo\/image\/","url":"https:\/\/firesym.com\/wp-content\/uploads\/2025\/12\/Messenger_creation_09E75076-1E26-4BF8-9E3C-EED353629CD2-1.jpeg","contentUrl":"https:\/\/firesym.com\/wp-content\/uploads\/2025\/12\/Messenger_creation_09E75076-1E26-4BF8-9E3C-EED353629CD2-1.jpeg","width":403,"height":325,"caption":"FireSym.Kft"},"image":{"@id":"https:\/\/firesym.com\/#\/schema\/logo\/image\/"}}]}},"_links":{"self":[{"href":"https:\/\/firesym.com\/index.php\/wp-json\/wp\/v2\/pages\/62","targetHints":{"allow":["GET"]}}],"collection":[{"href":"https:\/\/firesym.com\/index.php\/wp-json\/wp\/v2\/pages"}],"about":[{"href":"https:\/\/firesym.com\/index.php\/wp-json\/wp\/v2\/types\/page"}],"author":[{"embeddable":true,"href":"https:\/\/firesym.com\/index.php\/wp-json\/wp\/v2\/users\/1"}],"replies":[{"embeddable":true,"href":"https:\/\/firesym.com\/index.php\/wp-json\/wp\/v2\/comments?post=62"}],"version-history":[{"count":5,"href":"https:\/\/firesym.com\/index.php\/wp-json\/wp\/v2\/pages\/62\/revisions"}],"predecessor-version":[{"id":78,"href":"https:\/\/firesym.com\/index.php\/wp-json\/wp\/v2\/pages\/62\/revisions\/78"}],"wp:attachment":[{"href":"https:\/\/firesym.com\/index.php\/wp-json\/wp\/v2\/media?parent=62"}],"curies":[{"name":"wp","href":"https:\/\/api.w.org\/{rel}","templated":true}]}}